{"id":1798,"date":"2020-05-06T14:04:20","date_gmt":"2020-05-06T12:04:20","guid":{"rendered":"https:\/\/tienda.monteabellon.com\/?page_id=1798"},"modified":"2020-05-06T14:04:20","modified_gmt":"2020-05-06T12:04:20","slug":"cookies-policy","status":"publish","type":"page","link":"https:\/\/tienda.monteabellon.com\/en\/cookies-policy\/","title":{"rendered":"Cookies policy"},"content":{"rendered":"\r\n<h2 class=\"wp-block-heading\" style=\"text-align: center;\">LSSI &#8211; POL\u00cdTICA DE COOKIES DE BODEGAS Y VI\u00d1EDOS MONTEABELLON S.L<\/h2>\r\n<h3 style=\"text-align: center;\">ANALISIS DE RIESGOS<\/h3>\r\n\r\n\r\n\r\n<h2 class=\"wp-block-heading\">POL\u00cdTICA DE COOKIES<\/h2>\r\n<h3>Concepto de Cookies<\/h3>\r\n<p>Las cookies constituyen una herramienta empleada por los servidores Web para almacenar y recuperar informaci\u00f3n acerca de sus visitantes o usuarios. No proporcionan referencias que permitan deducir el nombre y apellidos del usuario y no pueden leer datos de su disco duro ni incluir virus en sus equipos. Asimismo, no puede leer las cookies implantadas en el disco duro del usuario desde otros servidores.<\/p>\r\n\r\n\r\n\r\n<h3 class=\"wp-block-heading\">\u00bfPor qu\u00e9 son importantes?<\/h3>\r\n<p>El sitio web es accesible sin necesidad de que las cookies est\u00e9n activadas, si bien, su desactivaci\u00f3n puede impedir su funcionamiento correcto. Desde un punto de vista t\u00e9cnico las cookies permiten que los sitios web funcionen de forma m\u00e1s \u00e1gil y adaptada a las preferencias de los usuarios, como por ejemplo almacenar el idioma, la moneda del pa\u00eds o detectar el dispositivo de acceso. Establecen niveles de protecci\u00f3n y seguridad que Impiden o dificultan ciberataques contra el sitio web o sus usuarios. Permiten que los gestores de los medios puedan conocer datos estad\u00edsticos recopilados para mejorar la calidad y experiencia de sus servicios. Sirven para optimizar la publicidad que mostramos a los usuarios, ofreciendo la que m\u00e1s se ajusta a sus intereses.<\/p>\r\n\r\n\r\n\r\n<h3 class=\"wp-block-heading\">Autorizaci\u00f3n para el uso de cookies<\/h3>\r\n<p>En el sitio web aparece un Aviso de Cookies que el usuario o visitante puede aceptar, consintiendo expresamente al uso de las cookies seg\u00fan se indica a continuaci\u00f3n. El usuario puede configurar su navegador para rechazar por defecto todas las cookies o para recibir un aviso en pantalla de la recepci\u00f3n de cada cookie y decidir sobre su instalaci\u00f3n o no en su disco duro.<\/p>\r\n\r\n\r\n\r\n<h3 class=\"wp-block-heading\">Configuraci\u00f3n del navegador<\/h3>\r\n<p>BODEGAS Y VI\u00d1EDOS MONTEABELLON S.L recuerda a sus usuarios que el uso de cookies podr\u00e1 estar sujeto a su aceptaci\u00f3n durante la instalaci\u00f3n o actualizaci\u00f3n del navegador utilizado por \u00e9stos. Esta aceptaci\u00f3n podr\u00e1 ser revocada mediante las opciones de configuraci\u00f3n de contenidos y privacidad disponibles en el mismo. El Titular recomienda a sus usuarios que consulten la ayuda de su navegador o acceda a las p\u00e1ginas web de ayuda de los principales navegadores: Firefox, Internet Explorer, Safari, Chrome. Si desea m\u00e1s informaci\u00f3n acerca de c\u00f3mo revocar el consentimiento prestado o sobre el procedimiento para deshabilitar las cookies, as\u00ed como realizar alguna pregunta sobre la Pol\u00edtica de Cookies, puede contactar con el titular a trav\u00e9s de la siguiente direcci\u00f3n de correo electr\u00f3nico INFO@MONTEABELLON.COM indicando \u201cPol\u00edtica de Cookies\u201d en el asunto.<\/p>\r\n\r\n\r\n\r\n<h3 class=\"wp-block-heading\">Tipos de Cookies que se utilizan en la Web<\/h3>\r\n<p>El usuario que navega por la Web puede encontrar cookies insertadas directamente por el titular, o bien cookies insertadas por entidades distintas al titular, seg\u00fan lo detallado en los siguientes apartados:<\/p>\r\n<ul>\r\n<li><strong>Cookies de sesi\u00f3n<\/strong>, expiran cuando el usuario abandona la p\u00e1gina o cierra el navegador, es decir, est\u00e1n activas mientras dura la visita al sitio web y por tanto son borradas de nuestro ordenador al abandonarlo.<\/li>\r\n<li><strong>Cookies permanentes<\/strong>, expiran cuando se cumple el objetivo para el que sirven o bien cuando se borran manualmente, tienen fecha de borrado y se utilizan normalmente en proceso de compra online, personalizaciones o en el registro, para no tener que introducir una contrase\u00f1a constantemente.<\/li>\r\n<\/ul>\r\n<p>Seg\u00fan la entidad que gestiona el equipo o dominio desde donde se env\u00edan las cookies y trata los datos que se obtengan, podemos distinguir entre Cookies propias y de terceros.<\/p>\r\n<ul>\r\n<li><strong>Cookies propias <\/strong>son aquellas cookies que son enviadas al ordenador del usuario y son gestionadas exclusivamente por nosotros para el mejor funcionamiento del Sitio Web. La informaci\u00f3n que recabamos se emplea para mejorar la calidad de nuestro servicio y tu experiencia como usuario.<\/li>\r\n<li><strong>Cookies de terceros<\/strong>, cuando el usuario interact\u00faa con el contenido de nuestro sitio Web tambi\u00e9n pueden establecerse cookies de terceros (por ejemplo, al pulsar botones de redes sociales o visionar v\u00eddeos alojados en otro sitio web), que son aquellas establecidas por un dominio diferente de nuestro Sitio Web. No podemos acceder a los datos almacenados en las cookies de otros sitios web cuando navegues en los citados sitios web.<\/li>\r\n<\/ul>\r\n<p>Navegar por este portalweb supone que se puedan instalar los siguientes tipos de Cookies:<\/p>\r\n\r\n<p>&nbsp;<\/p>","protected":false},"excerpt":{"rendered":"<p>LSSI &#8211; POL\u00cdTICA DE COOKIES DE BODEGAS Y VI\u00d1EDOS MONTEABELLON S.L ANALISIS DE RIESGOS POL\u00cdTICA DE COOKIES Concepto de Cookies Las cookies constituyen una herramienta empleada por los servidores Web para almacenar y recuperar informaci\u00f3n acerca de sus visitantes o usuarios. No proporcionan referencias que permitan deducir el nombre y apellidos del usuario y no [&hellip;]<\/p>\n","protected":false},"author":331,"featured_media":0,"parent":0,"menu_order":0,"comment_status":"closed","ping_status":"closed","template":"","meta":{"footnotes":""},"class_list":["post-1798","page","type-page","status-publish","hentry"],"yoast_head":"<!-- This site is optimized with the Yoast SEO plugin v27.5 - https:\/\/yoast.com\/product\/yoast-seo-wordpress\/ -->\n<title>Cookies policy - Monteabell\u00f3n<\/title>\n<meta name=\"robots\" content=\"index, follow, max-snippet:-1, max-image-preview:large, max-video-preview:-1\" \/>\n<link rel=\"canonical\" href=\"https:\/\/tienda.monteabellon.com\/politica-de-cookies\/\" \/>\n<meta property=\"og:locale\" content=\"en_US\" \/>\n<meta property=\"og:type\" content=\"article\" \/>\n<meta property=\"og:title\" content=\"Cookies policy - Monteabell\u00f3n\" \/>\n<meta property=\"og:description\" content=\"LSSI &#8211; POL\u00cdTICA DE COOKIES DE BODEGAS Y VI\u00d1EDOS MONTEABELLON S.L ANALISIS DE RIESGOS POL\u00cdTICA DE COOKIES Concepto de Cookies Las cookies constituyen una herramienta empleada por los servidores Web para almacenar y recuperar informaci\u00f3n acerca de sus visitantes o usuarios. No proporcionan referencias que permitan deducir el nombre y apellidos del usuario y no [&hellip;]\" \/>\n<meta property=\"og:url\" content=\"https:\/\/tienda.monteabellon.com\/politica-de-cookies\/\" \/>\n<meta property=\"og:site_name\" content=\"Monteabell\u00f3n\" \/>\n<meta property=\"og:image\" content=\"https:\/\/tienda.monteabellon.com\/wp-content\/uploads\/2019\/07\/logo2x.jpg\" \/>\n\t<meta property=\"og:image:width\" content=\"508\" \/>\n\t<meta property=\"og:image:height\" content=\"304\" \/>\n\t<meta property=\"og:image:type\" content=\"image\/jpeg\" \/>\n<meta name=\"twitter:card\" content=\"summary_large_image\" \/>\n<meta name=\"twitter:label1\" content=\"Est. reading time\" \/>\n\t<meta name=\"twitter:data1\" content=\"4 minutes\" \/>\n<script type=\"application\/ld+json\" class=\"yoast-schema-graph\">{\"@context\":\"https:\\\/\\\/schema.org\",\"@graph\":[{\"@type\":\"WebPage\",\"@id\":\"https:\\\/\\\/tienda.monteabellon.com\\\/politica-de-cookies\\\/\",\"url\":\"https:\\\/\\\/tienda.monteabellon.com\\\/politica-de-cookies\\\/\",\"name\":\"Cookies policy - Monteabell\u00f3n\",\"isPartOf\":{\"@id\":\"https:\\\/\\\/tienda.monteabellon.com\\\/#website\"},\"datePublished\":\"2020-05-06T12:04:20+00:00\",\"breadcrumb\":{\"@id\":\"https:\\\/\\\/tienda.monteabellon.com\\\/politica-de-cookies\\\/#breadcrumb\"},\"inLanguage\":\"en-US\",\"potentialAction\":[{\"@type\":\"ReadAction\",\"target\":[\"https:\\\/\\\/tienda.monteabellon.com\\\/politica-de-cookies\\\/\"]}]},{\"@type\":\"BreadcrumbList\",\"@id\":\"https:\\\/\\\/tienda.monteabellon.com\\\/politica-de-cookies\\\/#breadcrumb\",\"itemListElement\":[{\"@type\":\"ListItem\",\"position\":1,\"name\":\"Portada\",\"item\":\"https:\\\/\\\/tienda.monteabellon.com\\\/en\\\/store\\\/\"},{\"@type\":\"ListItem\",\"position\":2,\"name\":\"Cookies policy\"}]},{\"@type\":\"WebSite\",\"@id\":\"https:\\\/\\\/tienda.monteabellon.com\\\/#website\",\"url\":\"https:\\\/\\\/tienda.monteabellon.com\\\/\",\"name\":\"Monteabell\u00f3n\",\"description\":\"\",\"publisher\":{\"@id\":\"https:\\\/\\\/tienda.monteabellon.com\\\/#organization\"},\"potentialAction\":[{\"@type\":\"SearchAction\",\"target\":{\"@type\":\"EntryPoint\",\"urlTemplate\":\"https:\\\/\\\/tienda.monteabellon.com\\\/?s={search_term_string}\"},\"query-input\":{\"@type\":\"PropertyValueSpecification\",\"valueRequired\":true,\"valueName\":\"search_term_string\"}}],\"inLanguage\":\"en-US\"},{\"@type\":\"Organization\",\"@id\":\"https:\\\/\\\/tienda.monteabellon.com\\\/#organization\",\"name\":\"Monteabellon\",\"url\":\"https:\\\/\\\/tienda.monteabellon.com\\\/\",\"logo\":{\"@type\":\"ImageObject\",\"inLanguage\":\"en-US\",\"@id\":\"https:\\\/\\\/tienda.monteabellon.com\\\/#\\\/schema\\\/logo\\\/image\\\/\",\"url\":\"https:\\\/\\\/tienda.monteabellon.com\\\/wp-content\\\/uploads\\\/2019\\\/07\\\/logo2x.jpg\",\"contentUrl\":\"https:\\\/\\\/tienda.monteabellon.com\\\/wp-content\\\/uploads\\\/2019\\\/07\\\/logo2x.jpg\",\"width\":508,\"height\":304,\"caption\":\"Monteabellon\"},\"image\":{\"@id\":\"https:\\\/\\\/tienda.monteabellon.com\\\/#\\\/schema\\\/logo\\\/image\\\/\"}}]}<\/script>\n<!-- \/ Yoast SEO plugin. -->","yoast_head_json":{"title":"Cookies policy - Monteabell\u00f3n","robots":{"index":"index","follow":"follow","max-snippet":"max-snippet:-1","max-image-preview":"max-image-preview:large","max-video-preview":"max-video-preview:-1"},"canonical":"https:\/\/tienda.monteabellon.com\/politica-de-cookies\/","og_locale":"en_US","og_type":"article","og_title":"Cookies policy - Monteabell\u00f3n","og_description":"LSSI &#8211; POL\u00cdTICA DE COOKIES DE BODEGAS Y VI\u00d1EDOS MONTEABELLON S.L ANALISIS DE RIESGOS POL\u00cdTICA DE COOKIES Concepto de Cookies Las cookies constituyen una herramienta empleada por los servidores Web para almacenar y recuperar informaci\u00f3n acerca de sus visitantes o usuarios. No proporcionan referencias que permitan deducir el nombre y apellidos del usuario y no [&hellip;]","og_url":"https:\/\/tienda.monteabellon.com\/politica-de-cookies\/","og_site_name":"Monteabell\u00f3n","og_image":[{"width":508,"height":304,"url":"https:\/\/tienda.monteabellon.com\/wp-content\/uploads\/2019\/07\/logo2x.jpg","type":"image\/jpeg"}],"twitter_card":"summary_large_image","twitter_misc":{"Est. reading time":"4 minutes"},"schema":{"@context":"https:\/\/schema.org","@graph":[{"@type":"WebPage","@id":"https:\/\/tienda.monteabellon.com\/politica-de-cookies\/","url":"https:\/\/tienda.monteabellon.com\/politica-de-cookies\/","name":"Cookies policy - Monteabell\u00f3n","isPartOf":{"@id":"https:\/\/tienda.monteabellon.com\/#website"},"datePublished":"2020-05-06T12:04:20+00:00","breadcrumb":{"@id":"https:\/\/tienda.monteabellon.com\/politica-de-cookies\/#breadcrumb"},"inLanguage":"en-US","potentialAction":[{"@type":"ReadAction","target":["https:\/\/tienda.monteabellon.com\/politica-de-cookies\/"]}]},{"@type":"BreadcrumbList","@id":"https:\/\/tienda.monteabellon.com\/politica-de-cookies\/#breadcrumb","itemListElement":[{"@type":"ListItem","position":1,"name":"Portada","item":"https:\/\/tienda.monteabellon.com\/en\/store\/"},{"@type":"ListItem","position":2,"name":"Cookies policy"}]},{"@type":"WebSite","@id":"https:\/\/tienda.monteabellon.com\/#website","url":"https:\/\/tienda.monteabellon.com\/","name":"Monteabell\u00f3n","description":"","publisher":{"@id":"https:\/\/tienda.monteabellon.com\/#organization"},"potentialAction":[{"@type":"SearchAction","target":{"@type":"EntryPoint","urlTemplate":"https:\/\/tienda.monteabellon.com\/?s={search_term_string}"},"query-input":{"@type":"PropertyValueSpecification","valueRequired":true,"valueName":"search_term_string"}}],"inLanguage":"en-US"},{"@type":"Organization","@id":"https:\/\/tienda.monteabellon.com\/#organization","name":"Monteabellon","url":"https:\/\/tienda.monteabellon.com\/","logo":{"@type":"ImageObject","inLanguage":"en-US","@id":"https:\/\/tienda.monteabellon.com\/#\/schema\/logo\/image\/","url":"https:\/\/tienda.monteabellon.com\/wp-content\/uploads\/2019\/07\/logo2x.jpg","contentUrl":"https:\/\/tienda.monteabellon.com\/wp-content\/uploads\/2019\/07\/logo2x.jpg","width":508,"height":304,"caption":"Monteabellon"},"image":{"@id":"https:\/\/tienda.monteabellon.com\/#\/schema\/logo\/image\/"}}]}},"_links":{"self":[{"href":"https:\/\/tienda.monteabellon.com\/en\/wp-json\/wp\/v2\/pages\/1798","targetHints":{"allow":["GET"]}}],"collection":[{"href":"https:\/\/tienda.monteabellon.com\/en\/wp-json\/wp\/v2\/pages"}],"about":[{"href":"https:\/\/tienda.monteabellon.com\/en\/wp-json\/wp\/v2\/types\/page"}],"author":[{"embeddable":true,"href":"https:\/\/tienda.monteabellon.com\/en\/wp-json\/wp\/v2\/users\/331"}],"replies":[{"embeddable":true,"href":"https:\/\/tienda.monteabellon.com\/en\/wp-json\/wp\/v2\/comments?post=1798"}],"version-history":[{"count":1,"href":"https:\/\/tienda.monteabellon.com\/en\/wp-json\/wp\/v2\/pages\/1798\/revisions"}],"predecessor-version":[{"id":1799,"href":"https:\/\/tienda.monteabellon.com\/en\/wp-json\/wp\/v2\/pages\/1798\/revisions\/1799"}],"wp:attachment":[{"href":"https:\/\/tienda.monteabellon.com\/en\/wp-json\/wp\/v2\/media?parent=1798"}],"curies":[{"name":"wp","href":"https:\/\/api.w.org\/{rel}","templated":true}]}}